{"id":1806,"date":"2021-10-27T13:03:50","date_gmt":"2021-10-27T16:03:50","guid":{"rendered":"https:\/\/hrv4life.com\/site\/?page_id=1806"},"modified":"2025-07-21T09:17:31","modified_gmt":"2025-07-21T12:17:31","slug":"empresa","status":"publish","type":"page","link":"https:\/\/hrv4life.com\/site\/empresa\/","title":{"rendered":"Empresa"},"content":{"rendered":"<p>[vc_row css=&#8221;.vc_custom_1737671680001{padding-top: 60px !important;padding-bottom: 60px !important;background-color: #f5f7fa !important;}&#8221;][vc_column][vc_custom_heading text=&#8221;Miss\u00e3o&#8221; font_container=&#8221;tag:h2|font_size:32px|text_align:center|color:%231a3c34|line_height:1.2&#8243; google_fonts=&#8221;font_family:Poppins%3A300%2C400%2C600|font_style:600%20bold%20regular%3A600%3Anormal&#8221; css_animation=&#8221;fadeInUp&#8221; css=&#8221;.vc_custom_1737671680002{margin-bottom: 20px !important;}&#8221;][vc_separator color=&#8221;custom&#8221; el_width=&#8221;10&#8243; css=&#8221;.vc_custom_1750722991632{margin-bottom: 30px !important;}&#8221; accent_color=&#8221;#dd9933&#8243;][vc_column_text css=&#8221;.vc_custom_1737671680004{max-width: 800px !important;margin-right: auto !important;margin-left: auto !important;font-size: 18px !important;color: #555555 !important;}&#8221; el_class=&#8221;section-content&#8221;]Fornecer um sistema de coleta, an\u00e1lise e monitoramento da variabilidade da frequ\u00eancia card\u00edaca, acess\u00edvel e cientificamente comprovado, para promo\u00e7\u00e3o da sa\u00fade, do bem-estar, e melhora do desempenho humano. Nosso compromisso \u00e9 capacitar indiv\u00edduos e profissionais com ferramentas intuitivas que transformam dados fisiol\u00f3gicos em insights acion\u00e1veis, promovendo uma vida mais saud\u00e1vel e equilibrada.[\/vc_column_text][\/vc_column][\/vc_row][vc_row css=&#8221;.vc_custom_1737671680005{padding-top: 60px !important;padding-bottom: 60px !important;background-color: #ffffff !important;}&#8221;][vc_column][vc_custom_heading text=&#8221;Vis\u00e3o&#8221; font_container=&#8221;tag:h2|font_size:32px|text_align:center|color:%231a3c34|line_height:1.2&#8243; google_fonts=&#8221;font_family:Poppins%3A300%2C400%2C600|font_style:600%20bold%20regular%3A600%3Anormal&#8221; css_animation=&#8221;fadeInUp&#8221; css=&#8221;.vc_custom_1737671680006{margin-bottom: 20px !important;}&#8221;][vc_separator color=&#8221;custom&#8221; el_width=&#8221;10&#8243; css=&#8221;.vc_custom_1750723001192{margin-bottom: 30px !important;}&#8221; accent_color=&#8221;#dd9933&#8243;][vc_column_text css=&#8221;.vc_custom_1737671680008{max-width: 800px !important;margin-right: auto !important;margin-left: auto !important;font-size: 18px !important;color: #555555 !important;}&#8221; el_class=&#8221;section-content&#8221;]A HRV4Life \u00e9 uma empresa focada na promo\u00e7\u00e3o da sa\u00fade, na vis\u00e3o integrativa de bem-estar biopsicossocial preconizada pela OMS (1948), atrav\u00e9s da mais alta tecnologia de an\u00e1lise de dados fisiol\u00f3gicos e biomarcadores, coletados atrav\u00e9s da c\u00e2mera do celular ou de uma cinta card\u00edaca. Buscamos ser refer\u00eancia no Brasil e no mundo na mensura\u00e7\u00e3o, capacita\u00e7\u00e3o e aplica\u00e7\u00e3o da Variabilidade da Frequ\u00eancia Card\u00edaca, oferecendo solu\u00e7\u00f5es inovadoras que conectam ci\u00eancia, tecnologia e bem-estar para transformar vidas.[\/vc_column_text][\/vc_column][\/vc_row][vc_row css=&#8221;.vc_custom_1737671680009{padding-top: 60px !important;padding-bottom: 60px !important;background-color: #f5f7fa !important;}&#8221;][vc_column css=&#8221;.vc_custom_1750723905980{background-color: #f5f7fa !important;}&#8221;][vc_custom_heading text=&#8221;Valores&#8221; font_container=&#8221;tag:h2|font_size:32px|text_align:center|color:%23000000|line_height:1.2&#8243; use_theme_fonts=&#8221;yes&#8221; css_animation=&#8221;fadeInUp&#8221; css=&#8221;.vc_custom_1752443837400{margin-bottom: 20px !important;}&#8221;][vc_separator color=&#8221;custom&#8221; el_width=&#8221;10&#8243; css=&#8221;.vc_custom_1750723048727{margin-bottom: 30px !important;}&#8221; accent_color=&#8221;#dd9933&#8243;][vc_single_image image=&#8221;2594&#8243; img_size=&#8221;full&#8221; alignment=&#8221;center&#8221;][\/vc_column][\/vc_row][vc_row css=&#8221;.vc_custom_1737671680018{padding-top: 60px !important;padding-bottom: 60px !important;background-color: #ffffff !important;}&#8221;][vc_column][vc_custom_heading text=&#8221;Conquistas&#8221; font_container=&#8221;tag:h2|font_size:32px|text_align:center|color:%231a3c34|line_height:1.2&#8243; google_fonts=&#8221;font_family:Poppins%3A300%2C400%2C600|font_style:600%20bold%20regular%3A600%3Anormal&#8221; css_animation=&#8221;fadeInUp&#8221; css=&#8221;.vc_custom_1737671680019{margin-bottom: 20px !important;}&#8221;][vc_separator color=&#8221;custom&#8221; el_width=&#8221;10&#8243; css=&#8221;.vc_custom_1750723365984{margin-bottom: 30px !important;}&#8221; accent_color=&#8221;#dd9933&#8243;][vc_tta_tour style=&#8221;flat&#8221; shape=&#8221;round&#8221; color=&#8221;white&#8221; spacing=&#8221;5&#8243; alignment=&#8221;center&#8221; active_section=&#8221;1&#8243; css_animation=&#8221;fadeIn&#8221; no_fill_content_area=&#8221;true&#8221; css=&#8221;.vc_custom_1737671680021{max-width: 800px !important;margin-right: auto !important;margin-left: auto !important;}&#8221;][vc_tta_section title=&#8221;Parque Tecnol\u00f3gico&#8221; tab_id=&#8221;parque-tecnologico&#8221;][vc_column_text]Parque Tecnol\u00f3gico da UFRJ<\/p>\n<p>Associados a um dos maiores ecossistemas de inova\u00e7\u00e3o do Brasil, na UFRJ, conectando-nos a infraestrutura de ponta, pesquisadores e parcerias estrat\u00e9gicas que impulsionam nossa inova\u00e7\u00e3o.[\/vc_column_text][vc_empty_space height=&#8221;10px&#8221;][\/vc_tta_section][vc_tta_section title=&#8221;Programa SEEDES&#8221; tab_id=&#8221;programa-seedes&#8221;][vc_column_text]Programa SEEDES<\/p>\n<p>Selecionados para o primeiro programa de acelera\u00e7\u00e3o de startups do Esp\u00edrito Santo, com mentorias, conex\u00f5es com investidores e eventos como o Demoday, acelerando nosso crescimento.[\/vc_column_text][vc_empty_space height=&#8221;10px&#8221;][\/vc_tta_section][vc_tta_section title=&#8221;Conformidade LGPD&#8221; tab_id=&#8221;conformidade-lgpd&#8221;][vc_column_text]Conformidade com a LGPD<\/p>\n<p>Operamos em total conformidade com a Lei Geral de Prote\u00e7\u00e3o de Dados, garantindo seguran\u00e7a e transpar\u00eancia para usu\u00e1rios e parceiros em todas as nossas opera\u00e7\u00f5es.[\/vc_column_text][vc_empty_space height=&#8221;10px&#8221;][\/vc_tta_section][vc_tta_section title=&#8221;Crescimento&#8221; tab_id=&#8221;aceleracao-crescimento&#8221;][vc_column_text]Acelera\u00e7\u00e3o e Crescimento<\/p>\n<p>Participamos de iniciativas como o South Summit Brazil, com mentorias e networking, refinando nossa solu\u00e7\u00e3o e ampliando conex\u00f5es no mercado nacional e internacional.[\/vc_column_text][vc_empty_space height=&#8221;10px&#8221;][\/vc_tta_section][\/vc_tta_tour][vc_custom_heading text=&#8221;Acelera\u00e7\u00f5es&#8221; font_container=&#8221;tag:h2|font_size:32px|text_align:center|color:%231a3c34|line_height:1.2&#8243; use_theme_fonts=&#8221;yes&#8221; css_animation=&#8221;fadeInDown&#8221; css=&#8221;.vc_custom_1750724192643{margin-bottom: 20px !important;}&#8221;][vc_separator color=&#8221;custom&#8221; el_width=&#8221;10&#8243; css=&#8221;.vc_custom_1750723365984{margin-bottom: 30px !important;}&#8221; accent_color=&#8221;#dd9933&#8243;][vc_single_image image=&#8221;2612&#8243; img_size=&#8221;full&#8221; alignment=&#8221;center&#8221; style=&#8221;vc_box_rounded&#8221; css_animation=&#8221;none&#8221;][\/vc_column][\/vc_row][vc_row full_width=&#8221;stretch_row&#8221; css=&#8221;.vc_custom_1752442781542{background-color: #fc7c34 !important;background-position: center !important;background-repeat: no-repeat !important;background-size: cover !important;}&#8221;][vc_column css=&#8221;.vc_custom_1752442757568{background-color: #fc7c34 !important;}&#8221;][vc_custom_heading text=&#8221;Nossa jornada&#8221; font_container=&#8221;tag:h2|font_size:32px|text_align:center|color:%23ffffff|line_height:1.2&#8243; use_theme_fonts=&#8221;yes&#8221; css_animation=&#8221;fadeInDown&#8221; css=&#8221;.vc_custom_1752442825599{margin-bottom: 20px !important;}&#8221;][vc_separator color=&#8221;custom&#8221; el_width=&#8221;10&#8243; css=&#8221;.vc_custom_1752442813895{margin-bottom: 30px !important;}&#8221; accent_color=&#8221;#81d742&#8243;][vc_single_image image=&#8221;2681&#8243; img_size=&#8221;full&#8221; alignment=&#8221;center&#8221; onclick=&#8221;zoom&#8221;][\/vc_column][\/vc_row][vc_row][vc_column][vc_single_image image=&#8221;2682&#8243; img_size=&#8221;full&#8221; alignment=&#8221;center&#8221; onclick=&#8221;zoom&#8221;][\/vc_column][\/vc_row]<\/p>\n","protected":false},"excerpt":{"rendered":"<p>[vc_row css=&#8221;.vc_custom_1737671680001{padding-top: 60px !important;padding-bottom: 60px !important;background-color: #f5f7fa !important;}&#8221;][vc_column][vc_custom_heading text=&#8221;Miss\u00e3o&#8221; font_container=&#8221;tag:h2|font_size:32px|text_align:center|color:%231a3c34|line_height:1.2&#8243; google_fonts=&#8221;font_family:Poppins%3A300%2C400%2C600|font_style:600%20bold%20regular%3A600%3Anormal&#8221; css_animation=&#8221;fadeInUp&#8221; css=&#8221;.vc_custom_1737671680002{margin-bottom: 20px !important;}&#8221;][vc_separator color=&#8221;custom&#8221; el_width=&#8221;10&#8243; css=&#8221;.vc_custom_1750722991632{margin-bottom: 30px !important;}&#8221; accent_color=&#8221;#dd9933&#8243;][vc_column_text css=&#8221;.vc_custom_1737671680004{max-width: 800px !important;margin-right: auto !important;margin-left: auto !important;font-size: 18px !important;color: #555555 !important;}&#8221; el_class=&#8221;section-content&#8221;]Fornecer um sistema de coleta, an\u00e1lise e monitoramento da variabilidade da frequ\u00eancia card\u00edaca, acess\u00edvel e cientificamente comprovado, para promo\u00e7\u00e3o da sa\u00fade, do bem-estar, [&hellip;]<\/p>\n","protected":false},"author":1,"featured_media":0,"parent":0,"menu_order":0,"comment_status":"closed","ping_status":"closed","template":"","meta":{"footnotes":""},"class_list":["post-1806","page","type-page","status-publish","hentry"],"_links":{"self":[{"href":"https:\/\/hrv4life.com\/site\/wp-json\/wp\/v2\/pages\/1806","targetHints":{"allow":["GET"]}}],"collection":[{"href":"https:\/\/hrv4life.com\/site\/wp-json\/wp\/v2\/pages"}],"about":[{"href":"https:\/\/hrv4life.com\/site\/wp-json\/wp\/v2\/types\/page"}],"author":[{"embeddable":true,"href":"https:\/\/hrv4life.com\/site\/wp-json\/wp\/v2\/users\/1"}],"replies":[{"embeddable":true,"href":"https:\/\/hrv4life.com\/site\/wp-json\/wp\/v2\/comments?post=1806"}],"version-history":[{"count":13,"href":"https:\/\/hrv4life.com\/site\/wp-json\/wp\/v2\/pages\/1806\/revisions"}],"predecessor-version":[{"id":2955,"href":"https:\/\/hrv4life.com\/site\/wp-json\/wp\/v2\/pages\/1806\/revisions\/2955"}],"wp:attachment":[{"href":"https:\/\/hrv4life.com\/site\/wp-json\/wp\/v2\/media?parent=1806"}],"curies":[{"name":"wp","href":"https:\/\/api.w.org\/{rel}","templated":true}]}}